{"id":42,"date":"2020-10-30T10:32:54","date_gmt":"2020-10-30T09:32:54","guid":{"rendered":"http:\/\/www.terralivre.info\/?page_id=42"},"modified":"2025-02-28T14:22:10","modified_gmt":"2025-02-28T13:22:10","slug":"avances-y-aprendizajes","status":"publish","type":"page","link":"https:\/\/www.terralivre.info\/?page_id=42","title":{"rendered":"Avances y aprendizajes"},"content":{"rendered":"<h2>Resultados 2019-2020-2021<\/h2>\n<p style=\"text-align: center;\">Semillas<\/p>\n<p style=\"text-align: right;\">Gramos de semillas agroecol\u00f3gicas de hortalizas y legumbres entregadas<\/p>\n<p>\t\t\t\t0<br \/>\n0<\/p>\n<p style=\"text-align: left;\">Unidades o \u00e1reas de producci\u00f3n beneficiadas<\/p>\n<p style=\"text-align: right;\">Grupos de productoras y productores<\/p>\n<p>\t\t\t\t0<\/p>\n<h3><em>Semillas de 14 especies entregadas<\/em><\/h3>\n<p><img loading=\"lazy\" decoding=\"async\" src=\"https:\/\/www.terralivre.info\/wp-content\/uploads\/2022\/05\/Capture-decran-3.png\" alt=\"\" loading=\"lazy\" srcset=\"https:\/\/www.terralivre.info\/wp-content\/uploads\/2022\/05\/Capture-decran-3.png 760w, https:\/\/www.terralivre.info\/wp-content\/uploads\/2022\/05\/Capture-decran-3-300x222.png 300w\" sizes=\"auto, (max-width: 760px) 100vw, 760px\" width=\"760\" height=\"563\"><\/p>\n<p style=\"text-align: center;\">Asistencia t\u00e9cnica<\/p>\n<p style=\"text-align: right;\">Visitas de asistencia t\u00e9cnica<\/p>\n<p>\t\t\t\t0<br \/>\n0<\/p>\n<p style=\"text-align: left;\">Unidades o \u00e1reas de producci\u00f3n beneficiadas<\/p>\n<p style=\"text-align: right;\">Grupos de productoras y productores de semillas involucrados<\/p>\n<p>\t\t\t\t0<\/p>\n","protected":false},"excerpt":{"rendered":"<p>Resultados 2019-2020-2021 Semillas Gramos de semillas agroecol\u00f3gicas de hortalizas y legumbres entregadas 0 0 Unidades o \u00e1reas de producci\u00f3n beneficiadas Grupos de productoras y productores 0 Semillas de 14 especies entregadas Asistencia t\u00e9cnica Visitas de asistencia t\u00e9cnica 0 0 Unidades o \u00e1reas de producci\u00f3n beneficiadas Grupos de productoras y productores de semillas involucrados 0<\/p>\n","protected":false},"author":1,"featured_media":0,"parent":0,"menu_order":0,"comment_status":"closed","ping_status":"closed","template":"","meta":{"footnotes":""},"class_list":["post-42","page","type-page","status-publish","hentry"],"_links":{"self":[{"href":"https:\/\/www.terralivre.info\/index.php?rest_route=\/wp\/v2\/pages\/42","targetHints":{"allow":["GET"]}}],"collection":[{"href":"https:\/\/www.terralivre.info\/index.php?rest_route=\/wp\/v2\/pages"}],"about":[{"href":"https:\/\/www.terralivre.info\/index.php?rest_route=\/wp\/v2\/types\/page"}],"author":[{"embeddable":true,"href":"https:\/\/www.terralivre.info\/index.php?rest_route=\/wp\/v2\/users\/1"}],"replies":[{"embeddable":true,"href":"https:\/\/www.terralivre.info\/index.php?rest_route=%2Fwp%2Fv2%2Fcomments&post=42"}],"version-history":[{"count":13,"href":"https:\/\/www.terralivre.info\/index.php?rest_route=\/wp\/v2\/pages\/42\/revisions"}],"predecessor-version":[{"id":1270,"href":"https:\/\/www.terralivre.info\/index.php?rest_route=\/wp\/v2\/pages\/42\/revisions\/1270"}],"wp:attachment":[{"href":"https:\/\/www.terralivre.info\/index.php?rest_route=%2Fwp%2Fv2%2Fmedia&parent=42"}],"curies":[{"name":"wp","href":"https:\/\/api.w.org\/{rel}","templated":true}]}}