{"id":38,"date":"2020-10-30T10:32:21","date_gmt":"2020-10-30T09:32:21","guid":{"rendered":"http:\/\/www.terralivre.info\/?page_id=38"},"modified":"2025-02-28T14:22:11","modified_gmt":"2025-02-28T13:22:11","slug":"materiales-de-estudios","status":"publish","type":"page","link":"https:\/\/www.terralivre.info\/?page_id=38","title":{"rendered":"Materiales de estudios"},"content":{"rendered":"\t\t<div data-elementor-type=\"wp-page\" data-elementor-id=\"38\" class=\"elementor elementor-38\">\n\t\t\t\t\t\t<section class=\"elementor-section elementor-top-section elementor-element elementor-element-ee91c5a elementor-section-boxed elementor-section-height-default elementor-section-height-default\" data-id=\"ee91c5a\" data-element_type=\"section\" data-e-type=\"section\">\n\t\t\t\t\t\t<div class=\"elementor-container elementor-column-gap-default\">\n\t\t\t\t\t<div class=\"elementor-column elementor-col-100 elementor-top-column elementor-element elementor-element-622e7d1\" data-id=\"622e7d1\" data-element_type=\"column\" data-e-type=\"column\">\n\t\t\t<div class=\"elementor-widget-wrap elementor-element-populated\">\n\t\t\t\t\t\t<div class=\"elementor-element elementor-element-2d3043e elementor-widget elementor-widget-text-editor\" data-id=\"2d3043e\" data-element_type=\"widget\" data-e-type=\"widget\" data-widget_type=\"text-editor.default\">\n\t\t\t\t<div class=\"elementor-widget-container\">\n\t\t\t\t\t\t\t\t\t<p style=\"text-align: center;\"><strong><em> \u00a0 \u00a0Pueden descargar los documentos siguentes, son recursos bibliogr\u00e1ficos sobre soluciones ecol\u00f3gicas para la protecci\u00f3n del medio ambiente.<\/em><\/strong><\/p>\t\t\t\t\t\t\t\t<\/div>\n\t\t\t\t<\/div>\n\t\t\t\t\t<\/div>\n\t\t<\/div>\n\t\t\t\t\t<\/div>\n\t\t<\/section>\n\t\t\t\t<section class=\"elementor-section elementor-top-section elementor-element elementor-element-ff298d8 elementor-section-boxed elementor-section-height-default elementor-section-height-default\" data-id=\"ff298d8\" data-element_type=\"section\" data-e-type=\"section\">\n\t\t\t\t\t\t<div class=\"elementor-container elementor-column-gap-default\">\n\t\t\t\t\t<div class=\"elementor-column elementor-col-66 elementor-top-column elementor-element elementor-element-480f4e4\" data-id=\"480f4e4\" data-element_type=\"column\" data-e-type=\"column\">\n\t\t\t<div class=\"elementor-widget-wrap elementor-element-populated\">\n\t\t\t\t\t\t<div class=\"elementor-element elementor-element-d837666 elementor-widget elementor-widget-text-editor\" data-id=\"d837666\" data-element_type=\"widget\" data-e-type=\"widget\" data-widget_type=\"text-editor.default\">\n\t\t\t\t<div class=\"elementor-widget-container\">\n\t\t\t\t\t\t\t\t\t<p style=\"text-align: center;\"><em>\u00a0 \u00a0\u00a0<\/em><a href=\"https:\/\/www.terralivre.info\/wp-content\/uploads\/2020\/10\/Introduction-to-Permaculture-by-Bill-Mollison.pdf\">Introduction-to-Permaculture by Bill Mollison<\/a><\/p><p style=\"text-align: center;\"><a href=\"https:\/\/www.terralivre.info\/wp-content\/uploads\/2020\/10\/Urban-Permaculture-Designs.pdf\">Urban-Permaculture Designs<\/a><\/p><p style=\"text-align: center;\"><a href=\"https:\/\/www.terralivre.info\/wp-content\/uploads\/2020\/10\/Huertos-sostenibles.pdf\">Huertos sostenibles<\/a><\/p><p style=\"text-align: center;\"><a href=\"https:\/\/www.terralivre.info\/wp-content\/uploads\/2020\/10\/Manual-de-avicultura.pdf\">Manual de avicultura<\/a><\/p>\t\t\t\t\t\t\t\t<\/div>\n\t\t\t\t<\/div>\n\t\t\t\t\t<\/div>\n\t\t<\/div>\n\t\t\t\t<div class=\"elementor-column elementor-col-33 elementor-top-column elementor-element elementor-element-38192b1\" data-id=\"38192b1\" data-element_type=\"column\" data-e-type=\"column\">\n\t\t\t<div class=\"elementor-widget-wrap elementor-element-populated\">\n\t\t\t\t\t\t<div class=\"elementor-element elementor-element-222516a elementor-widget elementor-widget-text-editor\" data-id=\"222516a\" data-element_type=\"widget\" data-e-type=\"widget\" data-widget_type=\"text-editor.default\">\n\t\t\t\t<div class=\"elementor-widget-container\">\n\t\t\t\t\t\t\t\t\t<p style=\"text-align: center;\"><a href=\"https:\/\/www.terralivre.info\/wp-content\/uploads\/2020\/10\/Arquitectura-Sostenible.pdf\">Arquitectura-Sostenible<\/a><\/p><p style=\"text-align: center;\"><a href=\"https:\/\/www.terralivre.info\/wp-content\/uploads\/2020\/10\/Casa-ecologica-y-ciudad-sustentable-Jalisco-M\u00e9xico.pdf\">Casa ecologica y ciudad<\/a><\/p><p style=\"text-align: center;\"><a href=\"https:\/\/www.terralivre.info\/wp-content\/uploads\/2020\/11\/La-revolucion-de-una-brizna-de-paja.pdf\">La revoluci\u00f3n por una brizna de paja\u00a0<\/a><\/p><p style=\"text-align: center;\"><a href=\"https:\/\/www.terralivre.info\/wp-content\/uploads\/2020\/11\/Curso-Intensivo-de-Agricultura-Urbana.pdf\">Curso Intensivo de Agricultura Urbana<\/a><\/p>\t\t\t\t\t\t\t\t<\/div>\n\t\t\t\t<\/div>\n\t\t\t\t\t<\/div>\n\t\t<\/div>\n\t\t\t\t\t<\/div>\n\t\t<\/section>\n\t\t\t\t<\/div>\n\t\t","protected":false},"excerpt":{"rendered":"<p>\u00a0 \u00a0Pueden descargar los documentos siguentes, son recursos bibliogr\u00e1ficos sobre soluciones ecol\u00f3gicas para la protecci\u00f3n del medio ambiente. \u00a0 \u00a0\u00a0Introduction-to-Permaculture by Bill Mollison Urban-Permaculture Designs Huertos sostenibles Manual de avicultura Arquitectura-Sostenible Casa ecologica y ciudad La revoluci\u00f3n por una brizna de paja\u00a0 Curso Intensivo de Agricultura Urbana<\/p>\n","protected":false},"author":1,"featured_media":290,"parent":0,"menu_order":0,"comment_status":"closed","ping_status":"closed","template":"","meta":{"footnotes":""},"class_list":["post-38","page","type-page","status-publish","has-post-thumbnail","hentry"],"_links":{"self":[{"href":"https:\/\/www.terralivre.info\/index.php?rest_route=\/wp\/v2\/pages\/38","targetHints":{"allow":["GET"]}}],"collection":[{"href":"https:\/\/www.terralivre.info\/index.php?rest_route=\/wp\/v2\/pages"}],"about":[{"href":"https:\/\/www.terralivre.info\/index.php?rest_route=\/wp\/v2\/types\/page"}],"author":[{"embeddable":true,"href":"https:\/\/www.terralivre.info\/index.php?rest_route=\/wp\/v2\/users\/1"}],"replies":[{"embeddable":true,"href":"https:\/\/www.terralivre.info\/index.php?rest_route=%2Fwp%2Fv2%2Fcomments&post=38"}],"version-history":[{"count":21,"href":"https:\/\/www.terralivre.info\/index.php?rest_route=\/wp\/v2\/pages\/38\/revisions"}],"predecessor-version":[{"id":1292,"href":"https:\/\/www.terralivre.info\/index.php?rest_route=\/wp\/v2\/pages\/38\/revisions\/1292"}],"wp:featuredmedia":[{"embeddable":true,"href":"https:\/\/www.terralivre.info\/index.php?rest_route=\/wp\/v2\/media\/290"}],"wp:attachment":[{"href":"https:\/\/www.terralivre.info\/index.php?rest_route=%2Fwp%2Fv2%2Fmedia&parent=38"}],"curies":[{"name":"wp","href":"https:\/\/api.w.org\/{rel}","templated":true}]}}